{"id":3332,"date":"2021-03-11T09:37:48","date_gmt":"2021-03-11T08:37:48","guid":{"rendered":"https:\/\/www.poplawskagroup.pl\/privacy-policy\/"},"modified":"2021-03-11T09:37:48","modified_gmt":"2021-03-11T08:37:48","slug":"privacy-policy","status":"publish","type":"page","link":"https:\/\/www.poplawskagroup.pl\/en\/privacy-policy\/","title":{"rendered":"Privacy Policy"},"content":{"rendered":"<h2 style=\"text-align: center;\"><strong>Privacy Policy <\/strong><\/h2>\n<p style=\"text-align: center;\"><strong><u>www.poplawskagroup.pl<\/u><\/strong><\/p>\n<h3><em><u>What are cookies?<\/u><\/em><\/h3>\n<p>Our website, like most websites, uses the so-called cookies (cookies). We use Google Analytics. These files allow you, among others, to use all the functions of our website, but they do not change the settings of your device. Information about these files is saved in the memory of your device.<\/p>\n<h3><em><u>What data do we process? <\/u><\/em><\/h3>\n<p>Cookies collect data related to your device and browser, IP address and your activities on our website, as well as advertising identifiers.<\/p>\n<h3><em><u>What do we use cookies for?<\/u><\/em><\/h3>\n<ol>\n<li>to adapt the content of the website to the website user&#8217;s preferences and to optimize the use of it, in particular, these files allow to recognize the user&#8217;s device and properly display the website, tailored to his individual need<\/li>\n<li>to create statistics that help to understand how the user uses the website, which allows improving its structure and content<\/li>\n<li>to adapt the advertising content of websites to the user&#8217;s preferences.<\/li>\n<\/ol>\n<h3><em><u>How long do we keep the information?<\/u><\/em><\/h3>\n<p>We store the information contained in cookies for the duration of the operation of our website as an auxiliary material that serves its administration.<\/p>\n<h3><em><u>How can you limit the use of cookies?<\/u><\/em><\/h3>\n<p>By using the appropriate options of your browser, you can at any time:<\/p>\n<ol>\n<li>delete cookies<\/li>\n<li>2. block the use of cookies in the future<\/li>\n<\/ol>\n<p>To learn how to manage cookies, including how to disable them in your browser, you can use your browser&#8217;s help file. You can read the information on this subject by pressing the F1 key in the browser.<\/p>\n<p>In addition, relevant tips can be found on the following subpages, depending on the browser you use:<\/p>\n<ol>\n<li>Mozilla Firefox: <a href=\"http:\/\/support.mozilla.org\/pl\/kb\/blokowanie-ciasteczek\">http:\/\/support.mozilla.org\/pl\/kb\/blokowanie-ciasteczek<\/a><\/li>\n<li>Google Chrome: <a href=\"http:\/\/support.google.com\/chrome\/bin\/answer.py?hl=pl&answer=95647\">http:\/\/support.google.com\/chrome\/bin\/answer.py?hl=pl&answer=95647<\/a><\/li>\n<li>Internet Explorer 7 i 8: <a href=\"http:\/\/windows.microsoft.com\/pl-pl\/windows-vista\/block-or-allow-cookies\">http:\/\/windows.microsoft.com\/pl-pl\/windows-vista\/block-or-allow-cookies<\/a><\/li>\n<li>Internet Explorer 9 i 10: <a href=\"http:\/\/windows.microsoft.com\/pl-pl\/windows7\/block-enable-or-allow-cookies\">http:\/\/windows.microsoft.com\/pl-pl\/windows7\/block-enable-or-allow-cookies<\/a><\/li>\n<li>Opera: <a href=\"http:\/\/help.opera.com\/Linux\/9.22\/pl\/cookies.html\">http:\/\/help.opera.com\/Linux\/9.22\/pl\/cookies.html<\/a><\/li>\n<li>Safari: <a href=\"http:\/\/support.apple.com\/kb\/ph5042\">http:\/\/support.apple.com\/kb\/ph5042<\/a><\/li>\n<\/ol>\n<p>If you do not disable the use of cookies in your browser settings, it means that you consent to their use. More information on the used Google Analytics can be found at: <a href=\"https:\/\/support.google.com\/analytics\/answer\/6004245?hl=pl&ref_topic=2919631\">https:\/\/support.google.com\/analytics\/answer\/6004245?hl=pl&ref_topic=2919631<\/a><\/p>\n<p>More information about cookies can be found here <a href=\"https:\/\/wszystkoociasteczkach.pl\">https:\/\/wszystkoociasteczkach.pl\/<\/a>.<\/p>\n","protected":false},"excerpt":{"rendered":"<p>Privacy Policy www.poplawskagroup.pl What are cookies? Our website, like most websites, uses the so-called cookies (cookies). We use Google Analytics. [&hellip;]<\/p>\n","protected":false},"author":1,"featured_media":0,"parent":0,"menu_order":0,"comment_status":"closed","ping_status":"open","template":"","meta":[],"yoast_head":"<!-- This site is optimized with the Yoast SEO plugin v19.10 - https:\/\/yoast.com\/wordpress\/plugins\/seo\/ -->\n<title>Privacy Policy - Pop\u0142awska Group<\/title>\n<meta name=\"robots\" content=\"index, follow, max-snippet:-1, max-image-preview:large, max-video-preview:-1\" \/>\n<link rel=\"canonical\" href=\"https:\/\/www.poplawskagroup.pl\/en\/privacy-policy\/\" \/>\n<meta property=\"og:locale\" content=\"en_US\" \/>\n<meta property=\"og:type\" content=\"article\" \/>\n<meta property=\"og:title\" content=\"Privacy Policy - Pop\u0142awska Group\" \/>\n<meta property=\"og:description\" content=\"Privacy Policy www.poplawskagroup.pl What are cookies? Our website, like most websites, uses the so-called cookies (cookies). We use Google Analytics. [&hellip;]\" \/>\n<meta property=\"og:url\" content=\"https:\/\/www.poplawskagroup.pl\/en\/privacy-policy\/\" \/>\n<meta property=\"og:site_name\" content=\"Pop\u0142awska Group\" \/>\n<meta name=\"twitter:card\" content=\"summary_large_image\" \/>\n<meta name=\"twitter:label1\" content=\"Est. reading time\" \/>\n\t<meta name=\"twitter:data1\" content=\"2 minutes\" \/>\n<script type=\"application\/ld+json\" class=\"yoast-schema-graph\">{\"@context\":\"https:\/\/schema.org\",\"@graph\":[{\"@type\":\"WebPage\",\"@id\":\"https:\/\/www.poplawskagroup.pl\/en\/privacy-policy\/\",\"url\":\"https:\/\/www.poplawskagroup.pl\/en\/privacy-policy\/\",\"name\":\"Privacy Policy - Pop\u0142awska Group\",\"isPartOf\":{\"@id\":\"https:\/\/www.poplawskagroup.pl\/#website\"},\"datePublished\":\"2021-03-11T08:37:48+00:00\",\"dateModified\":\"2021-03-11T08:37:48+00:00\",\"breadcrumb\":{\"@id\":\"https:\/\/www.poplawskagroup.pl\/en\/privacy-policy\/#breadcrumb\"},\"inLanguage\":\"en-US\",\"potentialAction\":[{\"@type\":\"ReadAction\",\"target\":[\"https:\/\/www.poplawskagroup.pl\/en\/privacy-policy\/\"]}]},{\"@type\":\"BreadcrumbList\",\"@id\":\"https:\/\/www.poplawskagroup.pl\/en\/privacy-policy\/#breadcrumb\",\"itemListElement\":[{\"@type\":\"ListItem\",\"position\":1,\"name\":\"Strona g\u0142\u00f3wna\",\"item\":\"https:\/\/www.poplawskagroup.pl\/en\/\"},{\"@type\":\"ListItem\",\"position\":2,\"name\":\"Privacy Policy\"}]},{\"@type\":\"WebSite\",\"@id\":\"https:\/\/www.poplawskagroup.pl\/#website\",\"url\":\"https:\/\/www.poplawskagroup.pl\/\",\"name\":\"Pop\u0142awska Group\",\"description\":\"producent kosmetyk\u00f3w profesjonalnych, urz\u0105dze\u0144 kosmetycznych oraz akcesori\u00f3w jednorazowych z ponad 20-letnim do\u015bwiadczeniem\",\"potentialAction\":[{\"@type\":\"SearchAction\",\"target\":{\"@type\":\"EntryPoint\",\"urlTemplate\":\"https:\/\/www.poplawskagroup.pl\/?s={search_term_string}\"},\"query-input\":\"required name=search_term_string\"}],\"inLanguage\":\"en-US\"}]}<\/script>\n<!-- \/ Yoast SEO plugin. -->","yoast_head_json":{"title":"Privacy Policy - Pop\u0142awska Group","robots":{"index":"index","follow":"follow","max-snippet":"max-snippet:-1","max-image-preview":"max-image-preview:large","max-video-preview":"max-video-preview:-1"},"canonical":"https:\/\/www.poplawskagroup.pl\/en\/privacy-policy\/","og_locale":"en_US","og_type":"article","og_title":"Privacy Policy - Pop\u0142awska Group","og_description":"Privacy Policy www.poplawskagroup.pl What are cookies? Our website, like most websites, uses the so-called cookies (cookies). We use Google Analytics. [&hellip;]","og_url":"https:\/\/www.poplawskagroup.pl\/en\/privacy-policy\/","og_site_name":"Pop\u0142awska Group","twitter_card":"summary_large_image","twitter_misc":{"Est. reading time":"2 minutes"},"schema":{"@context":"https:\/\/schema.org","@graph":[{"@type":"WebPage","@id":"https:\/\/www.poplawskagroup.pl\/en\/privacy-policy\/","url":"https:\/\/www.poplawskagroup.pl\/en\/privacy-policy\/","name":"Privacy Policy - Pop\u0142awska Group","isPartOf":{"@id":"https:\/\/www.poplawskagroup.pl\/#website"},"datePublished":"2021-03-11T08:37:48+00:00","dateModified":"2021-03-11T08:37:48+00:00","breadcrumb":{"@id":"https:\/\/www.poplawskagroup.pl\/en\/privacy-policy\/#breadcrumb"},"inLanguage":"en-US","potentialAction":[{"@type":"ReadAction","target":["https:\/\/www.poplawskagroup.pl\/en\/privacy-policy\/"]}]},{"@type":"BreadcrumbList","@id":"https:\/\/www.poplawskagroup.pl\/en\/privacy-policy\/#breadcrumb","itemListElement":[{"@type":"ListItem","position":1,"name":"Strona g\u0142\u00f3wna","item":"https:\/\/www.poplawskagroup.pl\/en\/"},{"@type":"ListItem","position":2,"name":"Privacy Policy"}]},{"@type":"WebSite","@id":"https:\/\/www.poplawskagroup.pl\/#website","url":"https:\/\/www.poplawskagroup.pl\/","name":"Pop\u0142awska Group","description":"producent kosmetyk\u00f3w profesjonalnych, urz\u0105dze\u0144 kosmetycznych oraz akcesori\u00f3w jednorazowych z ponad 20-letnim do\u015bwiadczeniem","potentialAction":[{"@type":"SearchAction","target":{"@type":"EntryPoint","urlTemplate":"https:\/\/www.poplawskagroup.pl\/?s={search_term_string}"},"query-input":"required name=search_term_string"}],"inLanguage":"en-US"}]}},"_links":{"self":[{"href":"https:\/\/www.poplawskagroup.pl\/en\/wp-json\/wp\/v2\/pages\/3332"}],"collection":[{"href":"https:\/\/www.poplawskagroup.pl\/en\/wp-json\/wp\/v2\/pages"}],"about":[{"href":"https:\/\/www.poplawskagroup.pl\/en\/wp-json\/wp\/v2\/types\/page"}],"author":[{"embeddable":true,"href":"https:\/\/www.poplawskagroup.pl\/en\/wp-json\/wp\/v2\/users\/1"}],"replies":[{"embeddable":true,"href":"https:\/\/www.poplawskagroup.pl\/en\/wp-json\/wp\/v2\/comments?post=3332"}],"version-history":[{"count":1,"href":"https:\/\/www.poplawskagroup.pl\/en\/wp-json\/wp\/v2\/pages\/3332\/revisions"}],"predecessor-version":[{"id":3333,"href":"https:\/\/www.poplawskagroup.pl\/en\/wp-json\/wp\/v2\/pages\/3332\/revisions\/3333"}],"wp:attachment":[{"href":"https:\/\/www.poplawskagroup.pl\/en\/wp-json\/wp\/v2\/media?parent=3332"}],"curies":[{"name":"wp","href":"https:\/\/api.w.org\/{rel}","templated":true}]}}